{"id":3576,"date":"2026-02-24T02:21:26","date_gmt":"2026-02-24T02:21:26","guid":{"rendered":"https:\/\/voxorbis.com.br\/?page_id=3576"},"modified":"2026-02-28T23:39:48","modified_gmt":"2026-02-28T23:39:48","slug":"playlists","status":"publish","type":"page","link":"https:\/\/voxorbis.com.br\/?page_id=3576","title":{"rendered":"Playlists"},"content":{"rendered":"<p>&nbsp;<\/p>\n<p style=\"text-align: center\">Este site \u00e9 dispon\u00edvel apenas para membros.<\/p>\n<p style=\"text-align: center\">Fa\u00e7a Login para ter acesso ao conte\u00fado.<\/p>\n<p style=\"text-align: center\"><a href=\"https:\/\/voxorbis.com.br\/?page_id=1861\" class=\"su-button su-button-style-default\" style=\"color:#000000;background-color:#ffffff;border-color:#cccccc;border-radius:5px\" target=\"_self\"><span style=\"color:#000000;padding:0px 16px;font-size:13px;line-height:26px;border-color:#ffffff;border-radius:5px;text-shadow:none\"> Login<\/span><\/a><\/p>\n","protected":false},"excerpt":{"rendered":"<p>&nbsp; Este site \u00e9 dispon\u00edvel apenas para membros. Fa\u00e7a Login para ter acesso ao conte\u00fado. Login<\/p>\n","protected":false},"author":1,"featured_media":0,"parent":0,"menu_order":0,"comment_status":"closed","ping_status":"closed","template":"","meta":{"site-sidebar-layout":"no-sidebar","site-content-layout":"","ast-site-content-layout":"full-width-container","site-content-style":"default","site-sidebar-style":"default","ast-global-header-display":"","ast-banner-title-visibility":"","ast-main-header-display":"","ast-hfb-above-header-display":"","ast-hfb-below-header-display":"","ast-hfb-mobile-header-display":"","site-post-title":"disabled","ast-breadcrumbs-content":"","ast-featured-img":"disabled","footer-sml-layout":"","ast-disable-related-posts":"","theme-transparent-header-meta":"default","adv-header-id-meta":"","stick-header-meta":"","header-above-stick-meta":"","header-main-stick-meta":"","header-below-stick-meta":"","astra-migrate-meta-layouts":"set","ast-page-background-enabled":"default","ast-page-background-meta":{"desktop":{"background-color":"var(--ast-global-color-5)","background-image":"","background-repeat":"repeat","background-position":"center center","background-size":"auto","background-attachment":"scroll","background-type":"","background-media":"","overlay-type":"","overlay-color":"","overlay-opacity":"","overlay-gradient":""},"tablet":{"background-color":"","background-image":"","background-repeat":"repeat","background-position":"center center","background-size":"auto","background-attachment":"scroll","background-type":"","background-media":"","overlay-type":"","overlay-color":"","overlay-opacity":"","overlay-gradient":""},"mobile":{"background-color":"","background-image":"","background-repeat":"repeat","background-position":"center center","background-size":"auto","background-attachment":"scroll","background-type":"","background-media":"","overlay-type":"","overlay-color":"","overlay-opacity":"","overlay-gradient":""}},"ast-content-background-meta":{"desktop":{"background-color":"var(--ast-global-color-4)","background-image":"","background-repeat":"repeat","background-position":"center center","background-size":"auto","background-attachment":"scroll","background-type":"","background-media":"","overlay-type":"","overlay-color":"","overlay-opacity":"","overlay-gradient":""},"tablet":{"background-color":"var(--ast-global-color-4)","background-image":"","background-repeat":"repeat","background-position":"center center","background-size":"auto","background-attachment":"scroll","background-type":"","background-media":"","overlay-type":"","overlay-color":"","overlay-opacity":"","overlay-gradient":""},"mobile":{"background-color":"var(--ast-global-color-4)","background-image":"","background-repeat":"repeat","background-position":"center center","background-size":"auto","background-attachment":"scroll","background-type":"","background-media":"","overlay-type":"","overlay-color":"","overlay-opacity":"","overlay-gradient":""}},"footnotes":""},"class_list":["post-3576","page","type-page","status-publish","hentry"],"_hostinger_reach_plugin_has_subscription_block":false,"_hostinger_reach_plugin_is_elementor":false,"_links":{"self":[{"href":"https:\/\/voxorbis.com.br\/index.php?rest_route=\/wp\/v2\/pages\/3576","targetHints":{"allow":["GET"]}}],"collection":[{"href":"https:\/\/voxorbis.com.br\/index.php?rest_route=\/wp\/v2\/pages"}],"about":[{"href":"https:\/\/voxorbis.com.br\/index.php?rest_route=\/wp\/v2\/types\/page"}],"author":[{"embeddable":true,"href":"https:\/\/voxorbis.com.br\/index.php?rest_route=\/wp\/v2\/users\/1"}],"replies":[{"embeddable":true,"href":"https:\/\/voxorbis.com.br\/index.php?rest_route=%2Fwp%2Fv2%2Fcomments&post=3576"}],"version-history":[{"count":12,"href":"https:\/\/voxorbis.com.br\/index.php?rest_route=\/wp\/v2\/pages\/3576\/revisions"}],"predecessor-version":[{"id":4370,"href":"https:\/\/voxorbis.com.br\/index.php?rest_route=\/wp\/v2\/pages\/3576\/revisions\/4370"}],"wp:attachment":[{"href":"https:\/\/voxorbis.com.br\/index.php?rest_route=%2Fwp%2Fv2%2Fmedia&parent=3576"}],"curies":[{"name":"wp","href":"https:\/\/api.w.org\/{rel}","templated":true}]}}